{"id":43,"date":"2018-01-12T09:13:31","date_gmt":"2018-01-12T09:13:31","guid":{"rendered":"http:\/\/www.themindfactory.org\/psychologist\/?page_id=43"},"modified":"2018-07-24T16:24:18","modified_gmt":"2018-07-24T16:24:18","slug":"about-me","status":"publish","type":"page","link":"https:\/\/www.themindfactory.org\/psychologist\/it_IT\/about-me\/","title":{"rendered":"Chi sono"},"content":{"rendered":"<p style=\"text-align: left;\"><a href=\"http:\/\/www.themindfactory.org\/psychologist\/wp-content\/uploads\/2018\/04\/DSC05926.jpg\"><img loading=\"lazy\" class=\"size-medium wp-image-152 alignleft\" src=\"http:\/\/www.themindfactory.org\/psychologist\/wp-content\/uploads\/2018\/04\/DSC05926-300x300.jpg\" alt=\"\" width=\"300\" height=\"300\" srcset=\"https:\/\/www.themindfactory.org\/psychologist\/wp-content\/uploads\/2018\/04\/DSC05926-300x300.jpg 300w, https:\/\/www.themindfactory.org\/psychologist\/wp-content\/uploads\/2018\/04\/DSC05926-150x150.jpg 150w, https:\/\/www.themindfactory.org\/psychologist\/wp-content\/uploads\/2018\/04\/DSC05926-768x768.jpg 768w, https:\/\/www.themindfactory.org\/psychologist\/wp-content\/uploads\/2018\/04\/DSC05926-1024x1024.jpg 1024w\" sizes=\"(max-width: 300px) 100vw, 300px\" \/><\/a> Il mio percorso con la Mindfulness \u00e8 iniziato diversi anni fa, nel momento in cui mi sono trovata di fronte ad una serie di complicate situazioni personali. Cercavo soluzioni per far fronte a ci\u00f2 che mi stava accadendo e, grazie ad una continua ricerca, ho scoperto ed iniziato a esercitare la pratica della consapevolezza ovvero la mindfulness. In seguito alla sperimentazione dei benefici della pratica sulla mia pelle, ho iniziato la mia formazione presso London Meditation, organizzazione accreditata sia dall\u2019<span style=\"color: #008000;\"> <strong>UK Network for Teacher Training Organisations<\/strong><\/span> che dall\u2019 <span style=\"color: #008000;\"><strong>Association for Coaching<\/strong><\/span>. Il mio intento \u00e8 sempre stato quello di voler esplorare pi\u00f9 a fondo il campo della consapevolezza e ampliarne la comprensione, in modo da condividerlo con altre persone.<\/p>\n<p style=\"text-align: left;\">Questa esperienza ha senza dubbio aperto un nuovo capitolo nella mia vita, non solo integrando e incorporando la pratica della mindfulness nella quotidianita\u2019, ma anche considerando l\u2019idea di poter mostrare ad altre persone un modo diverso di relazionarsi con gli alti e bassi della vita.<\/p>\n<p style=\"text-align: left;\"><strong><span style=\"color: #008000;\">Mi sono formata a Londra presso London Meditation, ottenendo\u00a0 dapprima un certificato come Mindfulness-based Awareness Coach (riconosciuto dall\u2019Association for Coaching) e in seguito come insegnante del protocollo Mindfulness-based Stress Reduction, riconosciuto dall\u2019UK Mindfulness Teacher TrainerNetwork.<\/span> <\/strong><\/p>\n<p style=\"text-align: left;\">La mia esperienza professionale come insegnante mindfulness \u00e8\u00a0 consolidata dai precedenti studi scientifici quali la laurea in <span style=\"color: #008000;\"><strong>Psicologia (Universit\u00e0 di Firenze)<\/strong><\/span> e il <span style=\"color: #008000;\"><strong>Master of Science (MSc) in Neuroscienze<\/strong><\/span>, frequentato presso la <span style=\"color: #008000;\"><strong>Goldsmiths, University of London<\/strong><\/span> che mi hanno permesso di esplorare la mindfulness come tipo di intervento basato su evidenze scientifiche, i cui benefici sono confermati da un numero sempre crescente di studi empirici. Mantengo e approfondisco la mia pratica personale frequentando regolarmente conferenze, seminari e incontri di gruppo, praticando diversi approcci meditativi.<\/p>\n<p style=\"text-align: left;\">Considero la mindfulness uno stile di vita, un modo per accedere alla vera essenza di noi stessi, per vivere una vita appagante, in una societ\u00e0 estremamente esigente quale \u00e8 la nostra. Chiunque volesse avvicinarsi a scoprire la pratica mindfulness trover\u00e0 in me una professionista accogliente, empatica e non giudicante, con cui affrontare il\u00a0 \u201cviaggio della consapevolezza\u201d, in un ambiente di condivisione sicuro. Conduco sessioni di gruppo e personali, sia di persona che on-line.<\/p>\n","protected":false},"excerpt":{"rendered":"<p style=\"text-align: left;\"><a href=\"http:\/\/www.themindfactory.org\/psychologist\/wp-content\/uploads\/2018\/04\/DSC05926.jpg\"><img class=\"size-medium wp-image-152 alignleft\" src=\"http:\/\/www.themindfactory.org\/psychologist\/wp-content\/uploads\/2018\/04\/DSC05...\n<\/p>\n","protected":false},"author":1,"featured_media":0,"parent":0,"menu_order":0,"comment_status":"closed","ping_status":"closed","template":"","meta":[],"_links":{"self":[{"href":"https:\/\/www.themindfactory.org\/psychologist\/it_IT\/wp-json\/wp\/v2\/pages\/43"}],"collection":[{"href":"https:\/\/www.themindfactory.org\/psychologist\/it_IT\/wp-json\/wp\/v2\/pages"}],"about":[{"href":"https:\/\/www.themindfactory.org\/psychologist\/it_IT\/wp-json\/wp\/v2\/types\/page"}],"author":[{"embeddable":true,"href":"https:\/\/www.themindfactory.org\/psychologist\/it_IT\/wp-json\/wp\/v2\/users\/1"}],"replies":[{"embeddable":true,"href":"https:\/\/www.themindfactory.org\/psychologist\/it_IT\/wp-json\/wp\/v2\/comments?post=43"}],"version-history":[{"count":42,"href":"https:\/\/www.themindfactory.org\/psychologist\/it_IT\/wp-json\/wp\/v2\/pages\/43\/revisions"}],"predecessor-version":[{"id":458,"href":"https:\/\/www.themindfactory.org\/psychologist\/it_IT\/wp-json\/wp\/v2\/pages\/43\/revisions\/458"}],"wp:attachment":[{"href":"https:\/\/www.themindfactory.org\/psychologist\/it_IT\/wp-json\/wp\/v2\/media?parent=43"}],"curies":[{"name":"wp","href":"https:\/\/api.w.org\/{rel}","templated":true}]}}